{"id":8501,"date":"2024-02-28T23:46:15","date_gmt":"2024-02-28T20:46:15","guid":{"rendered":"https:\/\/www.secaoutdoor.com\/?page_id=8501"},"modified":"2025-03-18T10:39:03","modified_gmt":"2025-03-18T07:39:03","slug":"hakkimizda","status":"publish","type":"page","link":"https:\/\/www.secaoutdoor.com\/en\/hakkimizda\/","title":{"rendered":"About Us"},"content":{"rendered":"<div data-elementor-type=\"wp-page\" data-elementor-id=\"8501\" class=\"elementor elementor-8501\" data-elementor-post-type=\"page\">\n\t\t\t\t\t\t<section class=\"elementor-section elementor-top-section elementor-element elementor-element-c923081 elementor-section-full_width elementor-section-stretched elementor-section-height-default elementor-section-height-default\" data-id=\"c923081\" data-element_type=\"section\" data-settings=\"{&quot;background_background&quot;:&quot;classic&quot;,&quot;stretch_section&quot;:&quot;section-stretched&quot;}\">\n\t\t\t\t\t\t<div class=\"elementor-container elementor-column-gap-default\">\n\t\t\t\t\t<div class=\"elementor-column elementor-col-100 elementor-top-column elementor-element elementor-element-7533cf1\" data-id=\"7533cf1\" data-element_type=\"column\">\n\t\t\t<div class=\"elementor-widget-wrap elementor-element-populated\">\n\t\t\t\t<div class=\"elementor-element elementor-element-519cf97 e-con-full e-flex e-con e-parent\" data-id=\"519cf97\" data-element_type=\"container\">\n\t\t\t\t<div class=\"elementor-element elementor-element-ab62bac elementor-widget elementor-widget-image\" data-id=\"ab62bac\" data-element_type=\"widget\" data-widget_type=\"image.default\">\n\t\t\t\t<div class=\"elementor-widget-container\">\n\t\t\t\t\t\t\t\t\t\t\t\t\t\t\t<img fetchpriority=\"high\" decoding=\"async\" width=\"1536\" height=\"385\" src=\"https:\/\/www.secaoutdoor.com\/wp-content\/uploads\/2025\/02\/Group-1171276351-1-1536x385.png\" class=\"attachment-1536x1536 size-1536x1536 wp-image-9854\" alt=\"\" srcset=\"https:\/\/www.secaoutdoor.com\/wp-content\/uploads\/2025\/02\/Group-1171276351-1-1536x385.png 1536w, https:\/\/www.secaoutdoor.com\/wp-content\/uploads\/2025\/02\/Group-1171276351-1-300x75.png 300w, https:\/\/www.secaoutdoor.com\/wp-content\/uploads\/2025\/02\/Group-1171276351-1-1024x257.png 1024w, https:\/\/www.secaoutdoor.com\/wp-content\/uploads\/2025\/02\/Group-1171276351-1-18x5.png 18w, https:\/\/www.secaoutdoor.com\/wp-content\/uploads\/2025\/02\/Group-1171276351-1.png 1756w\" sizes=\"(max-width: 1536px) 100vw, 1536px\" \/>\t\t\t\t\t\t\t\t\t\t\t\t\t\t\t<\/div>\n\t\t\t\t<\/div>\n\t\t<div class=\"elementor-element elementor-element-d486345 e-transform e-flex e-con-boxed e-con e-child\" data-id=\"d486345\" data-element_type=\"container\" data-settings=\"{&quot;position&quot;:&quot;absolute&quot;,&quot;_transform_translateX_effect&quot;:{&quot;unit&quot;:&quot;%&quot;,&quot;size&quot;:-50,&quot;sizes&quot;:[]},&quot;_transform_translateX_effect_tablet&quot;:{&quot;unit&quot;:&quot;%&quot;,&quot;size&quot;:&quot;&quot;,&quot;sizes&quot;:[]},&quot;_transform_translateX_effect_mobile&quot;:{&quot;unit&quot;:&quot;%&quot;,&quot;size&quot;:&quot;&quot;,&quot;sizes&quot;:[]},&quot;_transform_translateY_effect&quot;:{&quot;unit&quot;:&quot;%&quot;,&quot;size&quot;:-50,&quot;sizes&quot;:[]},&quot;_transform_translateY_effect_tablet&quot;:{&quot;unit&quot;:&quot;%&quot;,&quot;size&quot;:&quot;&quot;,&quot;sizes&quot;:[]},&quot;_transform_translateY_effect_mobile&quot;:{&quot;unit&quot;:&quot;%&quot;,&quot;size&quot;:&quot;&quot;,&quot;sizes&quot;:[]}}\">\n\t\t\t\t\t<div class=\"e-con-inner\">\n\t\t\t\t<div class=\"elementor-element elementor-element-962139d elementor-widget elementor-widget-heading\" data-id=\"962139d\" data-element_type=\"widget\" data-widget_type=\"heading.default\">\n\t\t\t\t<div class=\"elementor-widget-container\">\n\t\t\t\t\t<h2 class=\"elementor-heading-title elementor-size-default\">About Us<\/h2>\t\t\t\t<\/div>\n\t\t\t\t<\/div>\n\t\t\t\t<div class=\"elementor-element elementor-element-96c6b7a elementor-widget__width-initial elementor-widget elementor-widget-text-editor\" data-id=\"96c6b7a\" data-element_type=\"widget\" data-widget_type=\"text-editor.default\">\n\t\t\t\t<div class=\"elementor-widget-container\">\n\t\t\t\t\t\t\t\t\t<p>Having a strong production facility has created a brand that evolves every day. Happy customers have been a motivation to support our next mission.<\/p>\t\t\t\t\t\t\t\t<\/div>\n\t\t\t\t<\/div>\n\t\t\t\t\t<\/div>\n\t\t\t\t<\/div>\n\t\t\t\t<\/div>\n\t\t\t\t\t<\/div>\n\t\t<\/div>\n\t\t\t\t\t<\/div>\n\t\t<\/section>\n\t\t<div class=\"elementor-element elementor-element-7d1dbf8 e-flex e-con-boxed e-con e-parent\" data-id=\"7d1dbf8\" data-element_type=\"container\">\n\t\t\t\t\t<div class=\"e-con-inner\">\n\t\t<div class=\"elementor-element elementor-element-96f1fe4 e-con-full e-flex e-con e-child\" data-id=\"96f1fe4\" data-element_type=\"container\">\n\t\t\t\t<div class=\"elementor-element elementor-element-02c9603 elementor-widget elementor-widget-video\" data-id=\"02c9603\" data-element_type=\"widget\" data-settings=\"{&quot;youtube_url&quot;:&quot;https:\\\/\\\/youtu.be\\\/MCXm9jFf948?si=hVrqLEx2lY2TpMtc&quot;,&quot;show_image_overlay&quot;:&quot;yes&quot;,&quot;image_overlay&quot;:{&quot;url&quot;:&quot;https:\\\/\\\/www.secaoutdoor.com\\\/wp-content\\\/uploads\\\/2025\\\/02\\\/Group-1171276352-1.png&quot;,&quot;id&quot;:9863,&quot;size&quot;:&quot;&quot;,&quot;alt&quot;:&quot;&quot;,&quot;source&quot;:&quot;library&quot;},&quot;video_type&quot;:&quot;youtube&quot;,&quot;controls&quot;:&quot;yes&quot;}\" data-widget_type=\"video.default\">\n\t\t\t\t<div class=\"elementor-widget-container\">\n\t\t\t\t\t\t\t<div class=\"elementor-wrapper elementor-open-inline\">\n\t\t\t<div class=\"elementor-video\"><\/div>\t\t\t\t<div class=\"elementor-custom-embed-image-overlay\" style=\"background-image: url(https:\/\/www.secaoutdoor.com\/wp-content\/uploads\/2025\/02\/Group-1171276352-1.png);\">\n\t\t\t\t\t\t\t\t\t\t\t\t\t\t\t\t<div class=\"elementor-custom-embed-play\" role=\"button\" aria-label=\"Play Video\" tabindex=\"0\">\n\t\t\t\t\t\t\t<svg aria-hidden=\"true\" class=\"e-font-icon-svg e-eicon-play\" viewbox=\"0 0 1000 1000\" xmlns=\"http:\/\/www.w3.org\/2000\/svg\"><path d=\"M838 162C746 71 633 25 500 25 371 25 258 71 163 162 71 254 25 367 25 500 25 633 71 746 163 837 254 929 367 979 500 979 633 979 746 933 838 837 929 746 975 633 975 500 975 367 929 254 838 162M808 192C892 279 933 379 933 500 933 621 892 725 808 808 725 892 621 938 500 938 379 938 279 896 196 808 113 725 67 621 67 500 67 379 108 279 196 192 279 108 383 62 500 62 621 62 721 108 808 192M438 392V642L642 517 438 392Z\"><\/path><\/svg>\t\t\t\t\t\t<\/div>\n\t\t\t\t\t\t\t\t\t<\/div>\n\t\t\t\t\t<\/div>\n\t\t\t\t\t\t<\/div>\n\t\t\t\t<\/div>\n\t\t\t\t<\/div>\n\t\t<div class=\"elementor-element elementor-element-c9c1a52 e-con-full e-flex e-con e-child\" data-id=\"c9c1a52\" data-element_type=\"container\">\n\t\t\t\t<div class=\"elementor-element elementor-element-c9c24f3 elementor-widget elementor-widget-image\" data-id=\"c9c24f3\" data-element_type=\"widget\" data-widget_type=\"image.default\">\n\t\t\t\t<div class=\"elementor-widget-container\">\n\t\t\t\t\t\t\t\t\t\t\t\t\t\t\t<img decoding=\"async\" width=\"519\" height=\"435\" src=\"data:image\/svg+xml;charset=utf-8,%3Csvg xmlns%3D&#039;http%3A%2F%2Fwww.w3.org%2F2000%2Fsvg&#039; viewBox%3D&#039;0 0 519 435&#039;%2F%3E\" class=\"attachment-large size-large wp-image-9856 ld-lazyload\" alt=\"\" data-src=\"https:\/\/www.secaoutdoor.com\/wp-content\/uploads\/2025\/02\/Ekran-Resmi-2025-02-03-14.51.45.png\" data-srcset=\"https:\/\/www.secaoutdoor.com\/wp-content\/uploads\/2025\/02\/Ekran-Resmi-2025-02-03-14.51.45.png 519w, https:\/\/www.secaoutdoor.com\/wp-content\/uploads\/2025\/02\/Ekran-Resmi-2025-02-03-14.51.45-300x251.png 300w, https:\/\/www.secaoutdoor.com\/wp-content\/uploads\/2025\/02\/Ekran-Resmi-2025-02-03-14.51.45-14x12.png 14w\" data-sizes=\"(max-width: 519px) 100vw, 519px\" data-aspect=\"1.1931034482759\" \/>\t\t\t\t\t\t\t\t\t\t\t\t\t\t\t<\/div>\n\t\t\t\t<\/div>\n\t\t\t\t<\/div>\n\t\t\t\t\t<\/div>\n\t\t\t\t<\/div>\n\t\t\t\t<section class=\"elementor-section elementor-top-section elementor-element elementor-element-f87771a elementor-section-content-middle elementor-section-boxed elementor-section-height-default elementor-section-height-default\" data-id=\"f87771a\" data-element_type=\"section\">\n\t\t\t\t\t\t<div class=\"elementor-container elementor-column-gap-default\">\n\t\t\t\t\t<div class=\"elementor-column elementor-col-100 elementor-top-column elementor-element elementor-element-4f01264\" data-id=\"4f01264\" data-element_type=\"column\">\n\t\t\t<div class=\"elementor-widget-wrap elementor-element-populated\">\n\t\t\t\t\t\t<div class=\"elementor-element elementor-element-a24dde6 elementor-widget elementor-widget-text-editor\" data-id=\"a24dde6\" data-element_type=\"widget\" data-widget_type=\"text-editor.default\">\n\t\t\t\t<div class=\"elementor-widget-container\">\n\t\t\t\t\t\t\t\t\t<p style=\"margin: 0; font-weight: 600;\"><b>Secaoutdoor<\/b><\/p><p><span style=\"font-weight: 400;\">For more than 15 years, our company, which has been producing pergolas and has a leading position in the sector, serves our customers with innovative designs and superior quality understanding. Since our establishment, we have adopted the principle of providing durable and aesthetic solutions by aiming to keep customer satisfaction at the highest level.<\/span><\/p><p><b>Our Mission<\/b><\/p><p><span style=\"font-weight: 400;\">We constantly adopt innovative approaches in order to respond to the ever-evolving technology and changing customer needs in the best way. Our mission is to make your outdoor areas more useful by bringing pergola systems with high aesthetic and functional value to your living spaces.<\/span><\/p><p><b>Our Vision<\/b><\/p><p><span style=\"font-weight: 400;\">To become a globally recognized and preferred brand by maintaining our leadership in the sector. We aim to be a company that sets the standards in the sector with our innovative products and customer-oriented service approach.<\/span><\/p><p><b>Our Values<\/b><\/p><ul><li style=\"font-weight: 400;\" aria-level=\"1\"><b>Quality<\/b><span style=\"font-weight: 400;\">: By adopting the highest quality standards in our products, we offer long-lasting and durable solutions.<\/span><\/li><li style=\"font-weight: 400;\" aria-level=\"1\"><b>Innovation<\/b><span style=\"font-weight: 400;\">: We closely follow the developments in the sector by constantly innovating with our R&amp;D studies.<\/span><\/li><li style=\"font-weight: 400;\" aria-level=\"1\"><b>Customer Satisfaction<\/b><span style=\"font-weight: 400;\">: We work meticulously to meet the needs and expectations of our customers in the best way possible.<\/span><\/li><li style=\"font-weight: 400;\" aria-level=\"1\"><b>Reliability<\/b><span style=\"font-weight: 400;\">: We aim to gain the trust of our customers by providing a transparent and reliable service at every stage.<\/span><\/li><\/ul><p><b>Our Products<\/b><\/p><p><span style=\"font-weight: 400;\">Our pergola systems are equipped with modern design and engineering marvel solutions. Equipped with automatic opening-closing systems, sun and rain sensors, our pergolas stand out with their user-friendly and energy-saving features. With different models and customizable options in our product range, we offer solutions suitable for all kinds of spaces.<\/span><\/p><p><b>Our Team<\/b><\/p><p><span style=\"font-weight: 400;\">Our expert team provides professional service in design, production and assembly processes, ensuring that your projects are realized smoothly. With years of experience and knowledge, we always strive to provide the best service.<\/span><\/p>\t\t\t\t\t\t\t\t<\/div>\n\t\t\t\t<\/div>\n\t\t\t\t\t<\/div>\n\t\t<\/div>\n\t\t\t\t\t<\/div>\n\t\t<\/section>\n\t\t<div class=\"elementor-element elementor-element-a1b0af2 e-flex e-con-boxed e-con e-parent\" data-id=\"a1b0af2\" data-element_type=\"container\">\n\t\t\t\t\t<div class=\"e-con-inner\">\n\t\t\t\t<div class=\"elementor-element elementor-element-8b4ea3e elementor-widget elementor-widget-image\" data-id=\"8b4ea3e\" data-element_type=\"widget\" data-widget_type=\"image.default\">\n\t\t\t\t<div class=\"elementor-widget-container\">\n\t\t\t\t\t\t\t\t\t\t\t\t\t\t\t<img decoding=\"async\" width=\"1362\" height=\"441\" src=\"data:image\/svg+xml;charset=utf-8,%3Csvg xmlns%3D&#039;http%3A%2F%2Fwww.w3.org%2F2000%2Fsvg&#039; viewBox%3D&#039;0 0 1362 441&#039;%2F%3E\" class=\"attachment-2048x2048 size-2048x2048 wp-image-9871 ld-lazyload\" alt=\"\" data-src=\"https:\/\/www.secaoutdoor.com\/wp-content\/uploads\/2025\/02\/Group-1171276353.png\" data-srcset=\"https:\/\/www.secaoutdoor.com\/wp-content\/uploads\/2025\/02\/Group-1171276353.png 1362w, https:\/\/www.secaoutdoor.com\/wp-content\/uploads\/2025\/02\/Group-1171276353-300x97.png 300w, https:\/\/www.secaoutdoor.com\/wp-content\/uploads\/2025\/02\/Group-1171276353-1024x332.png 1024w, https:\/\/www.secaoutdoor.com\/wp-content\/uploads\/2025\/02\/Group-1171276353-18x6.png 18w\" data-sizes=\"(max-width: 1362px) 100vw, 1362px\" data-aspect=\"3.0884353741497\" \/>\t\t\t\t\t\t\t\t\t\t\t\t\t\t\t<\/div>\n\t\t\t\t<\/div>\n\t\t\t\t\t<\/div>\n\t\t\t\t<\/div>\n\t\t\t\t<section class=\"elementor-section elementor-top-section elementor-element elementor-element-d79b9c3 elementor-section-stretched elementor-section-boxed elementor-section-height-default elementor-section-height-default\" data-id=\"d79b9c3\" data-element_type=\"section\" data-settings=\"{&quot;stretch_section&quot;:&quot;section-stretched&quot;}\">\n\t\t\t\t\t\t<div class=\"elementor-container elementor-column-gap-default\">\n\t\t\t\t\t<div class=\"elementor-column elementor-col-100 elementor-top-column elementor-element elementor-element-a73e9a4\" data-id=\"a73e9a4\" data-element_type=\"column\">\n\t\t\t<div class=\"elementor-widget-wrap elementor-element-populated\">\n\t\t\t\t<div class=\"elementor-element elementor-element-6323c82 e-flex e-con-boxed e-con e-parent\" data-id=\"6323c82\" data-element_type=\"container\">\n\t\t\t\t\t<div class=\"e-con-inner\">\n\t\t<div class=\"elementor-element elementor-element-2140a3c e-con-full e-flex e-con e-child\" data-id=\"2140a3c\" data-element_type=\"container\" data-settings=\"{&quot;background_background&quot;:&quot;classic&quot;}\">\n\t\t\t\t<div class=\"elementor-element elementor-element-57a34e2 elementor-widget elementor-widget-heading\" data-id=\"57a34e2\" data-element_type=\"widget\" data-widget_type=\"heading.default\">\n\t\t\t\t<div class=\"elementor-widget-container\">\n\t\t\t\t\t<h6 class=\"elementor-heading-title elementor-size-default\">Contact us<\/h6>\t\t\t\t<\/div>\n\t\t\t\t<\/div>\n\t\t\t\t<div class=\"elementor-element elementor-element-d102094 elementor-widget elementor-widget-text-editor\" data-id=\"d102094\" data-element_type=\"widget\" data-widget_type=\"text-editor.default\">\n\t\t\t\t<div class=\"elementor-widget-container\">\n\t\t\t\t\t\t\t\t\t<p style=\"color: #0a011f; font-size: 26px;\">Are you looking for a manufacturer?<br \/><span style=\"color: #8e8e8e;\">Submit your project now<\/span><\/p>\t\t\t\t\t\t\t\t<\/div>\n\t\t\t\t<\/div>\n\t\t<div class=\"elementor-element elementor-element-98a75e3 e-con-full e-flex e-con e-child\" data-id=\"98a75e3\" data-element_type=\"container\">\n\t\t\t\t<div class=\"elementor-element elementor-element-7912bc6 elementor-widget__width-inherit wFull elementor-widget elementor-widget-button\" data-id=\"7912bc6\" data-element_type=\"widget\" data-widget_type=\"button.default\">\n\t\t\t\t<div class=\"elementor-widget-container\">\n\t\t\t\t\t\t\t\t\t<div class=\"elementor-button-wrapper\">\n\t\t\t\t\t<a class=\"elementor-button elementor-button-link elementor-size-sm\" href=\"#\">\n\t\t\t\t\t\t<span class=\"elementor-button-content-wrapper\">\n\t\t\t\t\t\t<span class=\"elementor-button-icon\">\n\t\t\t\t<svg aria-hidden=\"true\" class=\"e-font-icon-svg e-fas-arrow-right\" viewbox=\"0 0 448 512\" xmlns=\"http:\/\/www.w3.org\/2000\/svg\"><path d=\"M190.5 66.9l22.2-22.2c9.4-9.4 24.6-9.4 33.9 0L441 239c9.4 9.4 9.4 24.6 0 33.9L246.6 467.3c-9.4 9.4-24.6 9.4-33.9 0l-22.2-22.2c-9.5-9.5-9.3-25 .4-34.3L311.4 296H24c-13.3 0-24-10.7-24-24v-32c0-13.3 10.7-24 24-24h287.4L190.9 101.2c-9.8-9.3-10-24.8-.4-34.3z\"><\/path><\/svg>\t\t\t<\/span>\n\t\t\t\t\t\t\t\t\t<span class=\"elementor-button-text\">Is your project ready? - Create a request.<\/span>\n\t\t\t\t\t<\/span>\n\t\t\t\t\t<\/a>\n\t\t\t\t<\/div>\n\t\t\t\t\t\t\t\t<\/div>\n\t\t\t\t<\/div>\n\t\t\t\t<\/div>\n\t\t<div class=\"elementor-element elementor-element-bbd3b6b e-flex e-con-boxed e-con e-child\" data-id=\"bbd3b6b\" data-element_type=\"container\">\n\t\t\t\t\t<div class=\"e-con-inner\">\n\t\t<div class=\"elementor-element elementor-element-fdab107 e-con-full e-flex e-con e-child\" data-id=\"fdab107\" data-element_type=\"container\">\n\t\t\t\t<div class=\"elementor-element elementor-element-67140a4 wFull elementor-widget elementor-widget-button\" data-id=\"67140a4\" data-element_type=\"widget\" data-widget_type=\"button.default\">\n\t\t\t\t<div class=\"elementor-widget-container\">\n\t\t\t\t\t\t\t\t\t<div class=\"elementor-button-wrapper\">\n\t\t\t\t\t<a class=\"elementor-button elementor-button-link elementor-size-sm\" href=\"tel:+905057671084\">\n\t\t\t\t\t\t<span class=\"elementor-button-content-wrapper\">\n\t\t\t\t\t\t<span class=\"elementor-button-icon\">\n\t\t\t\t<svg aria-hidden=\"true\" class=\"e-font-icon-svg e-fas-phone-alt\" viewbox=\"0 0 512 512\" xmlns=\"http:\/\/www.w3.org\/2000\/svg\"><path d=\"M497.39 361.8l-112-48a24 24 0 0 0-28 6.9l-49.6 60.6A370.66 370.66 0 0 1 130.6 204.11l60.6-49.6a23.94 23.94 0 0 0 6.9-28l-48-112A24.16 24.16 0 0 0 122.6.61l-104 24A24 24 0 0 0 0 48c0 256.5 207.9 464 464 464a24 24 0 0 0 23.4-18.6l24-104a24.29 24.29 0 0 0-14.01-27.6z\"><\/path><\/svg>\t\t\t<\/span>\n\t\t\t\t\t\t\t\t\t<span class=\"elementor-button-text\">+90 505 767 10 84<\/span>\n\t\t\t\t\t<\/span>\n\t\t\t\t\t<\/a>\n\t\t\t\t<\/div>\n\t\t\t\t\t\t\t\t<\/div>\n\t\t\t\t<\/div>\n\t\t\t\t<\/div>\n\t\t<div class=\"elementor-element elementor-element-f8a67cc e-flex e-con-boxed e-con e-child\" data-id=\"f8a67cc\" data-element_type=\"container\">\n\t\t\t\t\t<div class=\"e-con-inner\">\n\t\t\t\t<div class=\"elementor-element elementor-element-c20e8ab wFull elementor-widget elementor-widget-button\" data-id=\"c20e8ab\" data-element_type=\"widget\" data-widget_type=\"button.default\">\n\t\t\t\t<div class=\"elementor-widget-container\">\n\t\t\t\t\t\t\t\t\t<div class=\"elementor-button-wrapper\">\n\t\t\t\t\t<a class=\"elementor-button elementor-button-link elementor-size-sm\" href=\"mailto:info@secaoutdoor.com\">\n\t\t\t\t\t\t<span class=\"elementor-button-content-wrapper\">\n\t\t\t\t\t\t<span class=\"elementor-button-icon\">\n\t\t\t\t<svg aria-hidden=\"true\" class=\"e-font-icon-svg e-fas-envelope\" viewbox=\"0 0 512 512\" xmlns=\"http:\/\/www.w3.org\/2000\/svg\"><path d=\"M502.3 190.8c3.9-3.1 9.7-.2 9.7 4.7V400c0 26.5-21.5 48-48 48H48c-26.5 0-48-21.5-48-48V195.6c0-5 5.7-7.8 9.7-4.7 22.4 17.4 52.1 39.5 154.1 113.6 21.1 15.4 56.7 47.8 92.2 47.6 35.7.3 72-32.8 92.3-47.6 102-74.1 131.6-96.3 154-113.7zM256 320c23.2.4 56.6-29.2 73.4-41.4 132.7-96.3 142.8-104.7 173.4-128.7 5.8-4.5 9.2-11.5 9.2-18.9v-19c0-26.5-21.5-48-48-48H48C21.5 64 0 85.5 0 112v19c0 7.4 3.4 14.3 9.2 18.9 30.6 23.9 40.7 32.4 173.4 128.7 16.8 12.2 50.2 41.8 73.4 41.4z\"><\/path><\/svg>\t\t\t<\/span>\n\t\t\t\t\t\t\t\t\t<span class=\"elementor-button-text\">info@secaoutdoor.com<\/span>\n\t\t\t\t\t<\/span>\n\t\t\t\t\t<\/a>\n\t\t\t\t<\/div>\n\t\t\t\t\t\t\t\t<\/div>\n\t\t\t\t<\/div>\n\t\t\t\t\t<\/div>\n\t\t\t\t<\/div>\n\t\t\t\t\t<\/div>\n\t\t\t\t<\/div>\n\t\t\t\t<\/div>\n\t\t<div class=\"elementor-element elementor-element-591924c e-con-full e-flex e-con e-child\" data-id=\"591924c\" data-element_type=\"container\" data-settings=\"{&quot;background_background&quot;:&quot;classic&quot;}\">\n\t\t\t\t<div class=\"elementor-element elementor-element-1123831 elementor-widget elementor-widget-heading\" data-id=\"1123831\" data-element_type=\"widget\" data-widget_type=\"heading.default\">\n\t\t\t\t<div class=\"elementor-widget-container\">\n\t\t\t\t\t<h6 class=\"elementor-heading-title elementor-size-default\">Become our business partner<\/h6>\t\t\t\t<\/div>\n\t\t\t\t<\/div>\n\t\t\t\t<div class=\"elementor-element elementor-element-48bbee0 elementor-widget elementor-widget-text-editor\" data-id=\"48bbee0\" data-element_type=\"widget\" data-widget_type=\"text-editor.default\">\n\t\t\t\t<div class=\"elementor-widget-container\">\n\t\t\t\t\t\t\t\t\t<p style=\"color: #fff; font-size: 26px;\">Looking for cooperation? Contact us now<\/p>\t\t\t\t\t\t\t\t<\/div>\n\t\t\t\t<\/div>\n\t\t<div class=\"elementor-element elementor-element-afd843e e-flex e-con-boxed e-con e-child\" data-id=\"afd843e\" data-element_type=\"container\">\n\t\t\t\t\t<div class=\"e-con-inner\">\n\t\t<div class=\"elementor-element elementor-element-e76ae40 e-con-full e-flex e-con e-child\" data-id=\"e76ae40\" data-element_type=\"container\">\n\t\t\t\t<div class=\"elementor-element elementor-element-67a0045 wFull elementor-widget elementor-widget-button\" data-id=\"67a0045\" data-element_type=\"widget\" data-widget_type=\"button.default\">\n\t\t\t\t<div class=\"elementor-widget-container\">\n\t\t\t\t\t\t\t\t\t<div class=\"elementor-button-wrapper\">\n\t\t\t\t\t<a class=\"elementor-button elementor-button-link elementor-size-sm\" href=\"#\">\n\t\t\t\t\t\t<span class=\"elementor-button-content-wrapper\">\n\t\t\t\t\t\t<span class=\"elementor-button-icon\">\n\t\t\t\t<svg aria-hidden=\"true\" class=\"e-font-icon-svg e-fas-map-marker-alt\" viewbox=\"0 0 384 512\" xmlns=\"http:\/\/www.w3.org\/2000\/svg\"><path d=\"M172.268 501.67C26.97 291.031 0 269.413 0 192 0 85.961 85.961 0 192 0s192 85.961 192 192c0 77.413-26.97 99.031-172.268 309.67-9.535 13.774-29.93 13.773-39.464 0zM192 272c44.183 0 80-35.817 80-80s-35.817-80-80-80-80 35.817-80 80 35.817 80 80 80z\"><\/path><\/svg>\t\t\t<\/span>\n\t\t\t\t\t\t\t\t\t<span class=\"elementor-button-text\">Production<\/span>\n\t\t\t\t\t<\/span>\n\t\t\t\t\t<\/a>\n\t\t\t\t<\/div>\n\t\t\t\t\t\t\t\t<\/div>\n\t\t\t\t<\/div>\n\t\t\t\t<\/div>\n\t\t<div class=\"elementor-element elementor-element-5750d5a e-flex e-con-boxed e-con e-child\" data-id=\"5750d5a\" data-element_type=\"container\">\n\t\t\t\t\t<div class=\"e-con-inner\">\n\t\t\t\t<div class=\"elementor-element elementor-element-1fbb065 wFull elementor-widget elementor-widget-button\" data-id=\"1fbb065\" data-element_type=\"widget\" data-widget_type=\"button.default\">\n\t\t\t\t<div class=\"elementor-widget-container\">\n\t\t\t\t\t\t\t\t\t<div class=\"elementor-button-wrapper\">\n\t\t\t\t\t<a class=\"elementor-button elementor-button-link elementor-size-sm\" href=\"#\">\n\t\t\t\t\t\t<span class=\"elementor-button-content-wrapper\">\n\t\t\t\t\t\t<span class=\"elementor-button-icon\">\n\t\t\t\t<svg aria-hidden=\"true\" class=\"e-font-icon-svg e-fas-map-marker-alt\" viewbox=\"0 0 384 512\" xmlns=\"http:\/\/www.w3.org\/2000\/svg\"><path d=\"M172.268 501.67C26.97 291.031 0 269.413 0 192 0 85.961 85.961 0 192 0s192 85.961 192 192c0 77.413-26.97 99.031-172.268 309.67-9.535 13.774-29.93 13.773-39.464 0zM192 272c44.183 0 80-35.817 80-80s-35.817-80-80-80-80 35.817-80 80 35.817 80 80 80z\"><\/path><\/svg>\t\t\t<\/span>\n\t\t\t\t\t\t\t\t\t<span class=\"elementor-button-text\">Showroom<\/span>\n\t\t\t\t\t<\/span>\n\t\t\t\t\t<\/a>\n\t\t\t\t<\/div>\n\t\t\t\t\t\t\t\t<\/div>\n\t\t\t\t<\/div>\n\t\t\t\t\t<\/div>\n\t\t\t\t<\/div>\n\t\t\t\t\t<\/div>\n\t\t\t\t<\/div>\n\t\t\t\t<\/div>\n\t\t\t\t\t<\/div>\n\t\t\t\t<\/div>\n\t\t\t\t\t<\/div>\n\t\t<\/div>\n\t\t\t\t\t<\/div>\n\t\t<\/section>\n\t\t\t\t<\/div>","protected":false},"excerpt":{"rendered":"<p>Hakk\u0131m\u0131zda G\u00fc\u00e7l\u00fc bir \u00fcretim tesisine sahip olmak her ge\u00e7en g\u00fcn geli\u015fen bir marka yaratt\u0131. Mutlu m\u00fc\u015fterilerimiz bir sonraki misyonumuz i\u00e7in destekleyici bir motivasyon kayna\u011f\u0131 olu\u015fturdu. https:\/\/youtu.be\/MCXm9jFf948?si=hVrqLEx2lY2TpMtc Secaoutdoor 15 y\u0131l\u0131 a\u015fk\u0131n s\u00fcredir pergola \u00fcretimi yapan ve sekt\u00f6rde lider konumda bulunan firmam\u0131z, yenilik\u00e7i tasar\u0131mlar ve \u00fcst\u00fcn kalite anlay\u0131\u015f\u0131 ile m\u00fc\u015fterilerimize hizmet vermektedir. Kurulu\u015fumuzdan bu yana, m\u00fc\u015fteri memnuniyetini [&hellip;]<\/p>","protected":false},"author":1,"featured_media":0,"parent":0,"menu_order":0,"comment_status":"closed","ping_status":"closed","template":"","meta":{"footnotes":""},"class_list":["post-8501","page","type-page","status-publish","hentry"],"_links":{"self":[{"href":"https:\/\/www.secaoutdoor.com\/en\/wp-json\/wp\/v2\/pages\/8501","targetHints":{"allow":["GET"]}}],"collection":[{"href":"https:\/\/www.secaoutdoor.com\/en\/wp-json\/wp\/v2\/pages"}],"about":[{"href":"https:\/\/www.secaoutdoor.com\/en\/wp-json\/wp\/v2\/types\/page"}],"author":[{"embeddable":true,"href":"https:\/\/www.secaoutdoor.com\/en\/wp-json\/wp\/v2\/users\/1"}],"replies":[{"embeddable":true,"href":"https:\/\/www.secaoutdoor.com\/en\/wp-json\/wp\/v2\/comments?post=8501"}],"version-history":[{"count":0,"href":"https:\/\/www.secaoutdoor.com\/en\/wp-json\/wp\/v2\/pages\/8501\/revisions"}],"wp:attachment":[{"href":"https:\/\/www.secaoutdoor.com\/en\/wp-json\/wp\/v2\/media?parent=8501"}],"curies":[{"name":"wp","href":"https:\/\/api.w.org\/{rel}","templated":true}]}}