{"id":10975,"date":"2025-04-03T11:38:55","date_gmt":"2025-04-03T08:38:55","guid":{"rendered":"https:\/\/www.secaoutdoor.com\/?page_id=10975"},"modified":"2025-04-03T12:11:48","modified_gmt":"2025-04-03T09:11:48","slug":"katalog","status":"publish","type":"page","link":"https:\/\/www.secaoutdoor.com\/ar\/katalog\/","title":{"rendered":"\u0627\u0644\u0643\u062a\u0627\u0644\u0648\u062c"},"content":{"rendered":"<div data-elementor-type=\"wp-page\" data-elementor-id=\"10975\" class=\"elementor elementor-10975\" data-elementor-post-type=\"page\">\n\t\t\t\t\t\t<section class=\"elementor-section elementor-top-section elementor-element elementor-element-4e32033 elementor-section-stretched elementor-section-boxed elementor-section-height-default elementor-section-height-default\" data-id=\"4e32033\" data-element_type=\"section\" data-settings=\"{&quot;background_background&quot;:&quot;classic&quot;,&quot;stretch_section&quot;:&quot;section-stretched&quot;}\">\n\t\t\t\t\t\t<div class=\"elementor-container elementor-column-gap-default\">\n\t\t\t\t\t<div class=\"elementor-column elementor-col-100 elementor-top-column elementor-element elementor-element-62c7c14\" data-id=\"62c7c14\" data-element_type=\"column\">\n\t\t\t<div class=\"elementor-widget-wrap elementor-element-populated\">\n\t\t\t\t<div class=\"elementor-element elementor-element-f85385a e-con-full e-flex e-con e-parent\" data-id=\"f85385a\" data-element_type=\"container\">\n\t\t\t\t<div class=\"elementor-element elementor-element-f609bcd elementor-widget elementor-widget-image\" data-id=\"f609bcd\" data-element_type=\"widget\" data-widget_type=\"image.default\">\n\t\t\t\t<div class=\"elementor-widget-container\">\n\t\t\t\t\t\t\t\t\t\t\t\t\t\t\t<img fetchpriority=\"high\" decoding=\"async\" width=\"1536\" height=\"385\" src=\"https:\/\/www.secaoutdoor.com\/wp-content\/uploads\/2025\/02\/Rectangle-10320-1536x385.png\" class=\"attachment-1536x1536 size-1536x1536 wp-image-9898\" alt=\"\" srcset=\"https:\/\/www.secaoutdoor.com\/wp-content\/uploads\/2025\/02\/Rectangle-10320-1536x385.png 1536w, https:\/\/www.secaoutdoor.com\/wp-content\/uploads\/2025\/02\/Rectangle-10320-300x75.png 300w, https:\/\/www.secaoutdoor.com\/wp-content\/uploads\/2025\/02\/Rectangle-10320-1024x257.png 1024w, https:\/\/www.secaoutdoor.com\/wp-content\/uploads\/2025\/02\/Rectangle-10320-18x5.png 18w, https:\/\/www.secaoutdoor.com\/wp-content\/uploads\/2025\/02\/Rectangle-10320.png 1756w\" sizes=\"(max-width: 1536px) 100vw, 1536px\" \/>\t\t\t\t\t\t\t\t\t\t\t\t\t\t\t<\/div>\n\t\t\t\t<\/div>\n\t\t<div class=\"elementor-element elementor-element-931f753 e-transform e-flex e-con-boxed e-con e-child\" data-id=\"931f753\" data-element_type=\"container\" data-settings=\"{&quot;position&quot;:&quot;absolute&quot;,&quot;_transform_translateX_effect&quot;:{&quot;unit&quot;:&quot;%&quot;,&quot;size&quot;:-50,&quot;sizes&quot;:[]},&quot;_transform_translateX_effect_tablet&quot;:{&quot;unit&quot;:&quot;%&quot;,&quot;size&quot;:&quot;&quot;,&quot;sizes&quot;:[]},&quot;_transform_translateX_effect_mobile&quot;:{&quot;unit&quot;:&quot;%&quot;,&quot;size&quot;:&quot;&quot;,&quot;sizes&quot;:[]},&quot;_transform_translateY_effect&quot;:{&quot;unit&quot;:&quot;%&quot;,&quot;size&quot;:-50,&quot;sizes&quot;:[]},&quot;_transform_translateY_effect_tablet&quot;:{&quot;unit&quot;:&quot;%&quot;,&quot;size&quot;:&quot;&quot;,&quot;sizes&quot;:[]},&quot;_transform_translateY_effect_mobile&quot;:{&quot;unit&quot;:&quot;%&quot;,&quot;size&quot;:&quot;&quot;,&quot;sizes&quot;:[]}}\">\n\t\t\t\t\t<div class=\"e-con-inner\">\n\t\t\t\t<div class=\"elementor-element elementor-element-1e4c38f elementor-widget elementor-widget-heading\" data-id=\"1e4c38f\" data-element_type=\"widget\" data-widget_type=\"heading.default\">\n\t\t\t\t<div class=\"elementor-widget-container\">\n\t\t\t\t\t<h2 class=\"elementor-heading-title elementor-size-default\">\u0627\u0644\u0643\u062a\u0627\u0644\u0648\u062c<\/h2>\t\t\t\t<\/div>\n\t\t\t\t<\/div>\n\t\t\t\t<div class=\"elementor-element elementor-element-86765c1 elementor-widget__width-initial elementor-widget elementor-widget-text-editor\" data-id=\"86765c1\" data-element_type=\"widget\" data-widget_type=\"text-editor.default\">\n\t\t\t\t<div class=\"elementor-widget-container\">\n\t\t\t\t\t\t\t\t\t<p>\u0625\u0646 \u0648\u062c\u0648\u062f \u0645\u0646\u0634\u0623\u0629 \u0625\u0646\u062a\u0627\u062c \u0642\u0648\u064a\u0629 \u0623\u062f\u0649 \u0625\u0644\u0649 \u0625\u0646\u0634\u0627\u0621 \u0639\u0644\u0627\u0645\u0629 \u062a\u062c\u0627\u0631\u064a\u0629 \u062a\u062a\u0637\u0648\u0631 \u064a\u0648\u0645\u064b\u0627 \u0628\u0639\u062f \u064a\u0648\u0645. \u0644\u0642\u062f \u0642\u062f\u0645 \u0639\u0645\u0644\u0627\u0624\u0646\u0627 \u0627\u0644\u0633\u0639\u062f\u0627\u0621 \u0645\u0635\u062f\u0631\u064b\u0627 \u062f\u0627\u0639\u0645\u064b\u0627 \u0648\u062d\u0627\u0641\u0632\u064b\u0627 \u0644\u0645\u0647\u0645\u062a\u0646\u0627 \u0627\u0644\u0642\u0627\u062f\u0645\u0629.<\/p>\t\t\t\t\t\t\t\t<\/div>\n\t\t\t\t<\/div>\n\t\t\t\t\t<\/div>\n\t\t\t\t<\/div>\n\t\t\t\t<\/div>\n\t\t\t\t\t<\/div>\n\t\t<\/div>\n\t\t\t\t\t<\/div>\n\t\t<\/section>\n\t\t<div class=\"elementor-element elementor-element-fd804b1 e-flex e-con-boxed e-con e-parent\" data-id=\"fd804b1\" data-element_type=\"container\">\n\t\t\t\t\t<div class=\"e-con-inner\">\n\t\t<div class=\"elementor-element elementor-element-ccd779b e-con-full e-flex e-con e-child\" data-id=\"ccd779b\" data-element_type=\"container\">\n\t\t<div class=\"elementor-element elementor-element-0498b4c e-con-full e-flex e-con e-child\" data-id=\"0498b4c\" data-element_type=\"container\">\n\t\t<div class=\"elementor-element elementor-element-511fa73 e-con-full e-flex e-con e-child\" data-id=\"511fa73\" data-element_type=\"container\">\n\t\t<div class=\"elementor-element elementor-element-021dd21 e-con-full e-flex e-con e-child\" data-id=\"021dd21\" data-element_type=\"container\">\n\t\t\t\t<div class=\"elementor-element elementor-element-c0c460c elementor-widget elementor-widget-image\" data-id=\"c0c460c\" data-element_type=\"widget\" data-widget_type=\"image.default\">\n\t\t\t\t<div class=\"elementor-widget-container\">\n\t\t\t\t\t\t\t\t\t\t\t\t\t\t\t<img decoding=\"async\" width=\"362\" height=\"256\" src=\"data:image\/svg+xml;charset=utf-8,%3Csvg xmlns%3D&#039;http%3A%2F%2Fwww.w3.org%2F2000%2Fsvg&#039; viewBox%3D&#039;0 0 362 256&#039;%2F%3E\" class=\"attachment-large size-large wp-image-10978 ld-lazyload\" alt=\"\" data-src=\"https:\/\/www.secaoutdoor.com\/wp-content\/uploads\/2025\/04\/Seca-katalog.png\" data-srcset=\"https:\/\/www.secaoutdoor.com\/wp-content\/uploads\/2025\/04\/Seca-katalog.png 362w, https:\/\/www.secaoutdoor.com\/wp-content\/uploads\/2025\/04\/Seca-katalog-300x212.png 300w, https:\/\/www.secaoutdoor.com\/wp-content\/uploads\/2025\/04\/Seca-katalog-18x12.png 18w\" data-sizes=\"(max-width: 362px) 100vw, 362px\" data-aspect=\"1.4140625\" \/>\t\t\t\t\t\t\t\t\t\t\t\t\t\t\t<\/div>\n\t\t\t\t<\/div>\n\t\t\t\t<\/div>\n\t\t<div class=\"elementor-element elementor-element-aaf940d e-con-full e-flex e-con e-child\" data-id=\"aaf940d\" data-element_type=\"container\">\n\t\t<div class=\"elementor-element elementor-element-d313f94 e-con-full e-flex e-con e-child\" data-id=\"d313f94\" data-element_type=\"container\">\n\t\t\t\t<div class=\"elementor-element elementor-element-ba3d517 elementor-widget elementor-widget-heading\" data-id=\"ba3d517\" data-element_type=\"widget\" data-widget_type=\"heading.default\">\n\t\t\t\t<div class=\"elementor-widget-container\">\n\t\t\t\t\t<h2 class=\"elementor-heading-title elementor-size-default\">\u0643\u062a\u0627\u0644\u0648\u062c \u0645\u0646\u062a\u062c\u0627\u062a \u0633\u064a\u0643\u0627<\/h2>\t\t\t\t<\/div>\n\t\t\t\t<\/div>\n\t\t\t\t<div class=\"elementor-element elementor-element-717b118 elementor-widget elementor-widget-heading\" data-id=\"717b118\" data-element_type=\"widget\" data-widget_type=\"heading.default\">\n\t\t\t\t<div class=\"elementor-widget-container\">\n\t\t\t\t\t<h2 class=\"elementor-heading-title elementor-size-default\"><div style=\"gap: 10px;align-items: center\">11.9 \u0645\u064a\u062c\u0627\u0628\u0627\u064a\u062a PDF<\/div><\/h2>\t\t\t\t<\/div>\n\t\t\t\t<\/div>\n\t\t\t\t<\/div>\n\t\t\t\t<div class=\"elementor-element elementor-element-e07325f elementor-widget elementor-widget-button\" data-id=\"e07325f\" data-element_type=\"widget\" data-widget_type=\"button.default\">\n\t\t\t\t<div class=\"elementor-widget-container\">\n\t\t\t\t\t\t\t\t\t<div class=\"elementor-button-wrapper\">\n\t\t\t\t\t<a class=\"elementor-button elementor-button-link elementor-size-sm\" href=\"https:\/\/developer.bixcod.com\/customers\/secaoutdoor\/seca_katalog.pdf\" target=\"_blank\">\n\t\t\t\t\t\t<span class=\"elementor-button-content-wrapper\">\n\t\t\t\t\t\t\t\t\t<span class=\"elementor-button-text\">\u0625\u0637\u0644\u0639 \u0639\u0644\u0649 \u0627\u0644\u0643\u062a\u0627\u0644\u0648\u062c<\/span>\n\t\t\t\t\t<\/span>\n\t\t\t\t\t<\/a>\n\t\t\t\t<\/div>\n\t\t\t\t\t\t\t\t<\/div>\n\t\t\t\t<\/div>\n\t\t\t\t<\/div>\n\t\t\t\t<\/div>\n\t\t<div class=\"elementor-element elementor-element-2ded937 e-con-full e-flex e-con e-child\" data-id=\"2ded937\" data-element_type=\"container\">\n\t\t\t\t<div class=\"elementor-element elementor-element-9241399 elementor-widget elementor-widget-button\" data-id=\"9241399\" data-element_type=\"widget\" data-widget_type=\"button.default\">\n\t\t\t\t<div class=\"elementor-widget-container\">\n\t\t\t\t\t\t\t\t\t<div class=\"elementor-button-wrapper\">\n\t\t\t\t\t<a class=\"elementor-button elementor-button-link elementor-size-sm\" href=\"https:\/\/developer.bixcod.com\/customers\/secaoutdoor\/seca_katalog.pdf\" target=\"_blank\">\n\t\t\t\t\t\t<span class=\"elementor-button-content-wrapper\">\n\t\t\t\t\t\t<span class=\"elementor-button-icon\">\n\t\t\t\t<svg xmlns=\"http:\/\/www.w3.org\/2000\/svg\" width=\"32\" height=\"29\" viewbox=\"0 0 32 29\" fill=\"none\"><g clip-path=\"url(#clip0_286_403)\"><path d=\"M17.5072 17.623L17.7232 17.5159L22.7888 12.4716C24.2355 11.532 25.8482 13.1656 24.9391 14.6128L17.0042 22.5248C16.4186 23.0286 15.5767 23.0286 14.9912 22.5248L7.08792 14.653C6.12125 13.2421 7.70036 11.5578 9.16621 12.4401L14.2722 17.5159L14.4882 17.623V1.12988C14.4882 1.09164 14.6341 0.809651 14.6725 0.740826C15.116 -0.0602168 16.3111 -0.242793 16.9994 0.346996C17.1319 0.459792 17.5062 0.981713 17.5062 1.12988V17.623H17.5072Z\" fill=\"#B2B2B2\"><\/path><path d=\"M2.0421 25.9412L29.8307 25.923C31.7688 26.118 31.8178 28.6665 29.9756 28.9991H2.0229C0.235472 28.6856 0.222033 26.2356 2.0421 25.9412Z\" fill=\"#B2B2B2\"><\/path><\/g><defs><clippath id=\"clip0_286_403\"><rect width=\"30.6416\" height=\"29.0001\" fill=\"white\" transform=\"translate(0.679688)\"><\/rect><\/clippath><\/defs><\/svg>\t\t\t<\/span>\n\t\t\t\t\t\t\t\t<\/span>\n\t\t\t\t\t<\/a>\n\t\t\t\t<\/div>\n\t\t\t\t\t\t\t\t<\/div>\n\t\t\t\t<\/div>\n\t\t\t\t<\/div>\n\t\t\t\t<\/div>\n\t\t\t\t<\/div>\n\t\t\t\t\t<\/div>\n\t\t\t\t<\/div>\n\t\t\t\t<section class=\"elementor-section elementor-top-section elementor-element elementor-element-4b49d82 elementor-section-stretched elementor-section-boxed elementor-section-height-default elementor-section-height-default\" data-id=\"4b49d82\" data-element_type=\"section\" data-settings=\"{&quot;stretch_section&quot;:&quot;section-stretched&quot;}\">\n\t\t\t\t\t\t<div class=\"elementor-container elementor-column-gap-default\">\n\t\t\t\t\t<div class=\"elementor-column elementor-col-100 elementor-top-column elementor-element elementor-element-ff5274d\" data-id=\"ff5274d\" data-element_type=\"column\">\n\t\t\t<div class=\"elementor-widget-wrap elementor-element-populated\">\n\t\t\t\t<div class=\"elementor-element elementor-element-a939463 e-flex e-con-boxed e-con e-parent\" data-id=\"a939463\" data-element_type=\"container\">\n\t\t\t\t\t<div class=\"e-con-inner\">\n\t\t<div class=\"elementor-element elementor-element-e2151b6 e-con-full e-flex e-con e-child\" data-id=\"e2151b6\" data-element_type=\"container\" data-settings=\"{&quot;background_background&quot;:&quot;classic&quot;}\">\n\t\t\t\t<div class=\"elementor-element elementor-element-32ce56f elementor-widget elementor-widget-heading\" data-id=\"32ce56f\" data-element_type=\"widget\" data-widget_type=\"heading.default\">\n\t\t\t\t<div class=\"elementor-widget-container\">\n\t\t\t\t\t<h6 class=\"elementor-heading-title elementor-size-default\">\u0627\u062a\u0635\u0644 \u0628\u0646\u0627<\/h6>\t\t\t\t<\/div>\n\t\t\t\t<\/div>\n\t\t\t\t<div class=\"elementor-element elementor-element-4a58bd3 elementor-widget elementor-widget-text-editor\" data-id=\"4a58bd3\" data-element_type=\"widget\" data-widget_type=\"text-editor.default\">\n\t\t\t\t<div class=\"elementor-widget-container\">\n\t\t\t\t\t\t\t\t\t<p style=\"color: #0a011f; font-size: 26px;\">\u0647\u0644 \u062a\u0628\u062d\u062b \u0639\u0646 \u0627\u0644\u0634\u0631\u0643\u0629 \u0627\u0644\u0645\u0635\u0646\u0639\u0629\u061f<br \/><span style=\"color: #8e8e8e;\">\u0623\u0631\u0633\u0644 \u0645\u0634\u0631\u0648\u0639\u0643 \u0627\u0644\u0622\u0646<\/span><\/p>\t\t\t\t\t\t\t\t<\/div>\n\t\t\t\t<\/div>\n\t\t<div class=\"elementor-element elementor-element-e3e5513 e-con-full e-flex e-con e-child\" data-id=\"e3e5513\" data-element_type=\"container\">\n\t\t\t\t<div class=\"elementor-element elementor-element-43f1f5d elementor-widget__width-inherit wFull elementor-widget elementor-widget-button\" data-id=\"43f1f5d\" data-element_type=\"widget\" data-widget_type=\"button.default\">\n\t\t\t\t<div class=\"elementor-widget-container\">\n\t\t\t\t\t\t\t\t\t<div class=\"elementor-button-wrapper\">\n\t\t\t\t\t<a class=\"elementor-button elementor-button-link elementor-size-sm\" href=\"#\">\n\t\t\t\t\t\t<span class=\"elementor-button-content-wrapper\">\n\t\t\t\t\t\t<span class=\"elementor-button-icon\">\n\t\t\t\t<svg aria-hidden=\"true\" class=\"e-font-icon-svg e-fas-arrow-right\" viewbox=\"0 0 448 512\" xmlns=\"http:\/\/www.w3.org\/2000\/svg\"><path d=\"M190.5 66.9l22.2-22.2c9.4-9.4 24.6-9.4 33.9 0L441 239c9.4 9.4 9.4 24.6 0 33.9L246.6 467.3c-9.4 9.4-24.6 9.4-33.9 0l-22.2-22.2c-9.5-9.5-9.3-25 .4-34.3L311.4 296H24c-13.3 0-24-10.7-24-24v-32c0-13.3 10.7-24 24-24h287.4L190.9 101.2c-9.8-9.3-10-24.8-.4-34.3z\"><\/path><\/svg>\t\t\t<\/span>\n\t\t\t\t\t\t\t\t\t<span class=\"elementor-button-text\">\u0647\u0644 \u0645\u0634\u0631\u0648\u0639\u0643 \u062c\u0627\u0647\u0632\u061f - \u062e\u0644\u0642 \u0627\u0644\u0637\u0644\u0628.<\/span>\n\t\t\t\t\t<\/span>\n\t\t\t\t\t<\/a>\n\t\t\t\t<\/div>\n\t\t\t\t\t\t\t\t<\/div>\n\t\t\t\t<\/div>\n\t\t\t\t<\/div>\n\t\t<div class=\"elementor-element elementor-element-52517fe e-flex e-con-boxed e-con e-child\" data-id=\"52517fe\" data-element_type=\"container\">\n\t\t\t\t\t<div class=\"e-con-inner\">\n\t\t<div class=\"elementor-element elementor-element-1bc9d61 e-con-full e-flex e-con e-child\" data-id=\"1bc9d61\" data-element_type=\"container\">\n\t\t\t\t<div class=\"elementor-element elementor-element-163aa6b wFull elementor-widget elementor-widget-button\" data-id=\"163aa6b\" data-element_type=\"widget\" data-widget_type=\"button.default\">\n\t\t\t\t<div class=\"elementor-widget-container\">\n\t\t\t\t\t\t\t\t\t<div class=\"elementor-button-wrapper\">\n\t\t\t\t\t<a class=\"elementor-button elementor-button-link elementor-size-sm\" href=\"tel:+905057671084\">\n\t\t\t\t\t\t<span class=\"elementor-button-content-wrapper\">\n\t\t\t\t\t\t<span class=\"elementor-button-icon\">\n\t\t\t\t<svg aria-hidden=\"true\" class=\"e-font-icon-svg e-fas-phone-alt\" viewbox=\"0 0 512 512\" xmlns=\"http:\/\/www.w3.org\/2000\/svg\"><path d=\"M497.39 361.8l-112-48a24 24 0 0 0-28 6.9l-49.6 60.6A370.66 370.66 0 0 1 130.6 204.11l60.6-49.6a23.94 23.94 0 0 0 6.9-28l-48-112A24.16 24.16 0 0 0 122.6.61l-104 24A24 24 0 0 0 0 48c0 256.5 207.9 464 464 464a24 24 0 0 0 23.4-18.6l24-104a24.29 24.29 0 0 0-14.01-27.6z\"><\/path><\/svg>\t\t\t<\/span>\n\t\t\t\t\t\t\t\t\t<span class=\"elementor-button-text\">+90 505 767 10 84<\/span>\n\t\t\t\t\t<\/span>\n\t\t\t\t\t<\/a>\n\t\t\t\t<\/div>\n\t\t\t\t\t\t\t\t<\/div>\n\t\t\t\t<\/div>\n\t\t\t\t<\/div>\n\t\t<div class=\"elementor-element elementor-element-0b67880 e-flex e-con-boxed e-con e-child\" data-id=\"0b67880\" data-element_type=\"container\">\n\t\t\t\t\t<div class=\"e-con-inner\">\n\t\t\t\t<div class=\"elementor-element elementor-element-b984834 wFull elementor-widget elementor-widget-button\" data-id=\"b984834\" data-element_type=\"widget\" data-widget_type=\"button.default\">\n\t\t\t\t<div class=\"elementor-widget-container\">\n\t\t\t\t\t\t\t\t\t<div class=\"elementor-button-wrapper\">\n\t\t\t\t\t<a class=\"elementor-button elementor-button-link elementor-size-sm\" href=\"mailto:info@secaoutdoor.com\">\n\t\t\t\t\t\t<span class=\"elementor-button-content-wrapper\">\n\t\t\t\t\t\t<span class=\"elementor-button-icon\">\n\t\t\t\t<svg aria-hidden=\"true\" class=\"e-font-icon-svg e-fas-envelope\" viewbox=\"0 0 512 512\" xmlns=\"http:\/\/www.w3.org\/2000\/svg\"><path d=\"M502.3 190.8c3.9-3.1 9.7-.2 9.7 4.7V400c0 26.5-21.5 48-48 48H48c-26.5 0-48-21.5-48-48V195.6c0-5 5.7-7.8 9.7-4.7 22.4 17.4 52.1 39.5 154.1 113.6 21.1 15.4 56.7 47.8 92.2 47.6 35.7.3 72-32.8 92.3-47.6 102-74.1 131.6-96.3 154-113.7zM256 320c23.2.4 56.6-29.2 73.4-41.4 132.7-96.3 142.8-104.7 173.4-128.7 5.8-4.5 9.2-11.5 9.2-18.9v-19c0-26.5-21.5-48-48-48H48C21.5 64 0 85.5 0 112v19c0 7.4 3.4 14.3 9.2 18.9 30.6 23.9 40.7 32.4 173.4 128.7 16.8 12.2 50.2 41.8 73.4 41.4z\"><\/path><\/svg>\t\t\t<\/span>\n\t\t\t\t\t\t\t\t\t<span class=\"elementor-button-text\">info@secaoutdoor.com<\/span>\n\t\t\t\t\t<\/span>\n\t\t\t\t\t<\/a>\n\t\t\t\t<\/div>\n\t\t\t\t\t\t\t\t<\/div>\n\t\t\t\t<\/div>\n\t\t\t\t\t<\/div>\n\t\t\t\t<\/div>\n\t\t\t\t\t<\/div>\n\t\t\t\t<\/div>\n\t\t\t\t<\/div>\n\t\t<div class=\"elementor-element elementor-element-670d19a e-con-full e-flex e-con e-child\" data-id=\"670d19a\" data-element_type=\"container\" data-settings=\"{&quot;background_background&quot;:&quot;classic&quot;}\">\n\t\t\t\t<div class=\"elementor-element elementor-element-02da91b elementor-widget elementor-widget-heading\" data-id=\"02da91b\" data-element_type=\"widget\" data-widget_type=\"heading.default\">\n\t\t\t\t<div class=\"elementor-widget-container\">\n\t\t\t\t\t<h6 class=\"elementor-heading-title elementor-size-default\">\u0643\u0646 \u0634\u0631\u064a\u0643\u0646\u0627 \u0627\u0644\u062a\u062c\u0627\u0631\u064a<\/h6>\t\t\t\t<\/div>\n\t\t\t\t<\/div>\n\t\t\t\t<div class=\"elementor-element elementor-element-dbdab97 elementor-widget elementor-widget-text-editor\" data-id=\"dbdab97\" data-element_type=\"widget\" data-widget_type=\"text-editor.default\">\n\t\t\t\t<div class=\"elementor-widget-container\">\n\t\t\t\t\t\t\t\t\t<p style=\"color: #fff; font-size: 26px;\">\u0647\u0644 \u062a\u0628\u062d\u062b \u0639\u0646 \u0627\u0644\u062a\u0639\u0627\u0648\u0646\u061f \u0627\u062a\u0635\u0644 \u0628\u0646\u0627 \u0627\u0644\u0622\u0646<\/p>\t\t\t\t\t\t\t\t<\/div>\n\t\t\t\t<\/div>\n\t\t<div class=\"elementor-element elementor-element-fb03684 e-flex e-con-boxed e-con e-child\" data-id=\"fb03684\" data-element_type=\"container\">\n\t\t\t\t\t<div class=\"e-con-inner\">\n\t\t<div class=\"elementor-element elementor-element-8f33595 e-con-full e-flex e-con e-child\" data-id=\"8f33595\" data-element_type=\"container\">\n\t\t\t\t<div class=\"elementor-element elementor-element-73461c0 wFull elementor-widget elementor-widget-button\" data-id=\"73461c0\" data-element_type=\"widget\" data-widget_type=\"button.default\">\n\t\t\t\t<div class=\"elementor-widget-container\">\n\t\t\t\t\t\t\t\t\t<div class=\"elementor-button-wrapper\">\n\t\t\t\t\t<a class=\"elementor-button elementor-button-link elementor-size-sm\" href=\"#\">\n\t\t\t\t\t\t<span class=\"elementor-button-content-wrapper\">\n\t\t\t\t\t\t<span class=\"elementor-button-icon\">\n\t\t\t\t<svg aria-hidden=\"true\" class=\"e-font-icon-svg e-fas-map-marker-alt\" viewbox=\"0 0 384 512\" xmlns=\"http:\/\/www.w3.org\/2000\/svg\"><path d=\"M172.268 501.67C26.97 291.031 0 269.413 0 192 0 85.961 85.961 0 192 0s192 85.961 192 192c0 77.413-26.97 99.031-172.268 309.67-9.535 13.774-29.93 13.773-39.464 0zM192 272c44.183 0 80-35.817 80-80s-35.817-80-80-80-80 35.817-80 80 35.817 80 80 80z\"><\/path><\/svg>\t\t\t<\/span>\n\t\t\t\t\t\t\t\t\t<span class=\"elementor-button-text\">\u0625\u0646\u062a\u0627\u062c<\/span>\n\t\t\t\t\t<\/span>\n\t\t\t\t\t<\/a>\n\t\t\t\t<\/div>\n\t\t\t\t\t\t\t\t<\/div>\n\t\t\t\t<\/div>\n\t\t\t\t<\/div>\n\t\t<div class=\"elementor-element elementor-element-e40aaa3 e-flex e-con-boxed e-con e-child\" data-id=\"e40aaa3\" data-element_type=\"container\">\n\t\t\t\t\t<div class=\"e-con-inner\">\n\t\t\t\t<div class=\"elementor-element elementor-element-fda446d wFull elementor-widget elementor-widget-button\" data-id=\"fda446d\" data-element_type=\"widget\" data-widget_type=\"button.default\">\n\t\t\t\t<div class=\"elementor-widget-container\">\n\t\t\t\t\t\t\t\t\t<div class=\"elementor-button-wrapper\">\n\t\t\t\t\t<a class=\"elementor-button elementor-button-link elementor-size-sm\" href=\"#\">\n\t\t\t\t\t\t<span class=\"elementor-button-content-wrapper\">\n\t\t\t\t\t\t<span class=\"elementor-button-icon\">\n\t\t\t\t<svg aria-hidden=\"true\" class=\"e-font-icon-svg e-fas-map-marker-alt\" viewbox=\"0 0 384 512\" xmlns=\"http:\/\/www.w3.org\/2000\/svg\"><path d=\"M172.268 501.67C26.97 291.031 0 269.413 0 192 0 85.961 85.961 0 192 0s192 85.961 192 192c0 77.413-26.97 99.031-172.268 309.67-9.535 13.774-29.93 13.773-39.464 0zM192 272c44.183 0 80-35.817 80-80s-35.817-80-80-80-80 35.817-80 80 35.817 80 80 80z\"><\/path><\/svg>\t\t\t<\/span>\n\t\t\t\t\t\t\t\t\t<span class=\"elementor-button-text\">\u0635\u0627\u0644\u0629 \u0627\u0644\u0639\u0631\u0636<\/span>\n\t\t\t\t\t<\/span>\n\t\t\t\t\t<\/a>\n\t\t\t\t<\/div>\n\t\t\t\t\t\t\t\t<\/div>\n\t\t\t\t<\/div>\n\t\t\t\t\t<\/div>\n\t\t\t\t<\/div>\n\t\t\t\t\t<\/div>\n\t\t\t\t<\/div>\n\t\t\t\t<\/div>\n\t\t\t\t\t<\/div>\n\t\t\t\t<\/div>\n\t\t\t\t\t<\/div>\n\t\t<\/div>\n\t\t\t\t\t<\/div>\n\t\t<\/section>\n\t\t\t\t<\/div>","protected":false},"excerpt":{"rendered":"<p>Katalog G\u00fc\u00e7l\u00fc bir \u00fcretim tesisine sahip olmak her ge\u00e7en g\u00fcn geli\u015fen bir marka yaratt\u0131. Mutlu m\u00fc\u015fterilerimiz bir sonraki misyonumuz i\u00e7in destekleyici bir motivasyon kayna\u011f\u0131 olu\u015fturdu. Seca \u00dcr\u00fcn Katalo\u011fu 11,9 MB PDF Katalo\u011fu inceleyin Bize ula\u015f\u0131n Bir \u00fcretici mi ar\u0131yorsunuz?Projenizi hemen g\u00f6nderin Projeniz haz\u0131r m\u0131 ? \u2014 Talep olu\u015fturun. +90 505 767 10 84 info@secaoutdoor.com \u0130\u015f [&hellip;]<\/p>","protected":false},"author":2,"featured_media":0,"parent":0,"menu_order":0,"comment_status":"closed","ping_status":"closed","template":"","meta":{"footnotes":""},"class_list":["post-10975","page","type-page","status-publish","hentry"],"_links":{"self":[{"href":"https:\/\/www.secaoutdoor.com\/ar\/wp-json\/wp\/v2\/pages\/10975","targetHints":{"allow":["GET"]}}],"collection":[{"href":"https:\/\/www.secaoutdoor.com\/ar\/wp-json\/wp\/v2\/pages"}],"about":[{"href":"https:\/\/www.secaoutdoor.com\/ar\/wp-json\/wp\/v2\/types\/page"}],"author":[{"embeddable":true,"href":"https:\/\/www.secaoutdoor.com\/ar\/wp-json\/wp\/v2\/users\/2"}],"replies":[{"embeddable":true,"href":"https:\/\/www.secaoutdoor.com\/ar\/wp-json\/wp\/v2\/comments?post=10975"}],"version-history":[{"count":0,"href":"https:\/\/www.secaoutdoor.com\/ar\/wp-json\/wp\/v2\/pages\/10975\/revisions"}],"wp:attachment":[{"href":"https:\/\/www.secaoutdoor.com\/ar\/wp-json\/wp\/v2\/media?parent=10975"}],"curies":[{"name":"wp","href":"https:\/\/api.w.org\/{rel}","templated":true}]}}